{"id":13,"date":"2026-03-24T12:02:21","date_gmt":"2026-03-24T11:02:21","guid":{"rendered":"https:\/\/25altindagh.bplaced.net\/?page_id=13"},"modified":"2026-04-16T14:56:44","modified_gmt":"2026-04-16T12:56:44","slug":"home","status":"publish","type":"page","link":"https:\/\/25altindagh.bplaced.net\/","title":{"rendered":"Home"},"content":{"rendered":"\n<h2 class=\"wp-block-heading\"><strong>Willkommen bei Cucina Roberto<\/strong><\/h2>\n\n\n\n<p>Erleben Sie die echte italienische K\u00fcche im Herzen unseres Restaurants. Bei uns genie\u00dfen Sie frisch zubereitete Pizza, hausgemachte Pasta und t\u00e4glich wechselnde Spezialit\u00e4ten \u2013 mit Leidenschaft und nach traditionellen Rezepten gekocht.<\/p>\n\n\n\n<p>Unsere Zutaten werden sorgf\u00e4ltig ausgew\u00e4hlt, um Ihnen authentischen Geschmack und h\u00f6chste Qualit\u00e4t zu bieten. Ob knusprige Pizza aus dem Ofen, klassische Pasta-Gerichte oder kreative Tagesgerichte \u2013 bei uns findet jeder etwas nach seinem Geschmack.<\/p>\n\n\n\n<p>Genie\u00dfen Sie die warme, italienische Atmosph\u00e4re und lassen Sie sich von unserem Team verw\u00f6hnen.<\/p>\n\n\n\n<p>Buon appetito ! Wir freuen uns auf Ihren Besuch!<\/p>\n","protected":false},"excerpt":{"rendered":"<p>Willkommen bei Cucina Roberto Erleben Sie die echte italienische K\u00fcche im Herzen unseres Restaurants. Bei uns genie\u00dfen Sie frisch zubereitete Pizza, hausgemachte Pasta und t\u00e4glich wechselnde Spezialit\u00e4ten \u2013 mit Leidenschaft und nach traditionellen Rezepten gekocht. Unsere Zutaten werden sorgf\u00e4ltig ausgew\u00e4hlt, um Ihnen authentischen Geschmack und h\u00f6chste Qualit\u00e4t zu bieten. Ob knusprige Pizza aus dem Ofen, [&hellip;]<\/p>\n","protected":false},"author":1,"featured_media":0,"parent":0,"menu_order":0,"comment_status":"closed","ping_status":"closed","template":"page-templates\/full-width.php","meta":{"footnotes":""},"class_list":["post-13","page","type-page","status-publish","hentry"],"_links":{"self":[{"href":"https:\/\/25altindagh.bplaced.net\/index.php?rest_route=\/wp\/v2\/pages\/13","targetHints":{"allow":["GET"]}}],"collection":[{"href":"https:\/\/25altindagh.bplaced.net\/index.php?rest_route=\/wp\/v2\/pages"}],"about":[{"href":"https:\/\/25altindagh.bplaced.net\/index.php?rest_route=\/wp\/v2\/types\/page"}],"author":[{"embeddable":true,"href":"https:\/\/25altindagh.bplaced.net\/index.php?rest_route=\/wp\/v2\/users\/1"}],"replies":[{"embeddable":true,"href":"https:\/\/25altindagh.bplaced.net\/index.php?rest_route=%2Fwp%2Fv2%2Fcomments&post=13"}],"version-history":[{"count":2,"href":"https:\/\/25altindagh.bplaced.net\/index.php?rest_route=\/wp\/v2\/pages\/13\/revisions"}],"predecessor-version":[{"id":65,"href":"https:\/\/25altindagh.bplaced.net\/index.php?rest_route=\/wp\/v2\/pages\/13\/revisions\/65"}],"wp:attachment":[{"href":"https:\/\/25altindagh.bplaced.net\/index.php?rest_route=%2Fwp%2Fv2%2Fmedia&parent=13"}],"curies":[{"name":"wp","href":"https:\/\/api.w.org\/{rel}","templated":true}]}}